{"id":36,"date":"2023-11-28T08:53:11","date_gmt":"2023-11-28T08:53:11","guid":{"rendered":"https:\/\/blog.daxap.io\/?page_id=36"},"modified":"2023-12-13T10:37:34","modified_gmt":"2023-12-13T10:37:34","slug":"blog","status":"publish","type":"page","link":"https:\/\/blog.daxap.io\/nb\/","title":{"rendered":"Blogg"},"content":{"rendered":"<p>[et_pb_section fb_built=&#8221;1&#8243; admin_label=&#8221;Blog&#8221; _builder_version=&#8221;4.22.0&#8243; _module_preset=&#8221;default&#8221; collapsed=&#8221;on&#8221; global_colors_info=&#8221;{}&#8221;][et_pb_row _builder_version=&#8221;4.22.0&#8243; _module_preset=&#8221;default&#8221; global_colors_info=&#8221;{}&#8221;][et_pb_column type=&#8221;4_4&#8243; _builder_version=&#8221;4.22.0&#8243; _module_preset=&#8221;default&#8221; global_colors_info=&#8221;{}&#8221;][et_pb_post_slider posts_number=&#8221;4&#8243; bg_overlay_color=&#8221;gcid-34807b40-f97e-428a-90f8-6d5ad2ecd8cd&#8221; _builder_version=&#8221;4.23.1&#8243; _module_preset=&#8221;aa6d926c-8a41-43ea-8263-eec94cc0cee8&#8243; header_font_size=&#8221;24px&#8221; body_font_size=&#8221;16px&#8221; button_text_size=&#8221;12px&#8221; custom_padding=&#8221;80px||80px|||&#8221; locked=&#8221;off&#8221; global_colors_info=&#8221;{%22gcid-21f39c30-514a-41a8-ae0a-6cf144b81c75%22:%91%22button_bg_color%22%93,%22gcid-34807b40-f97e-428a-90f8-6d5ad2ecd8cd%22:%91%22bg_overlay_color%22%93}&#8221;][\/et_pb_post_slider][\/et_pb_column][\/et_pb_row][et_pb_row _builder_version=&#8221;4.22.0&#8243; _module_preset=&#8221;default&#8221; global_colors_info=&#8221;{}&#8221;][et_pb_column type=&#8221;4_4&#8243; _builder_version=&#8221;4.22.0&#8243; _module_preset=&#8221;default&#8221; global_colors_info=&#8221;{}&#8221;][et_pb_blog posts_number=&#8221;100&#8243; _builder_version=&#8221;4.23.1&#8243; _module_preset=&#8221;d269eaff-76be-4221-a566-cedcb4451532&#8243; header_font_size=&#8221;16px&#8221; body_font_size=&#8221;14px&#8221; meta_font_size=&#8221;12px&#8221; read_more_font_size=&#8221;10px&#8221; locked=&#8221;off&#8221; global_colors_info=&#8221;{%22gcid-21f39c30-514a-41a8-ae0a-6cf144b81c75%22:%91%22pagination_text_color%22%93}&#8221;][\/et_pb_blog][\/et_pb_column][\/et_pb_row][\/et_pb_section][et_pb_section fb_built=&#8221;1&#8243; prev_background_color=&#8221;#ffffff&#8221; admin_label=&#8221;Footer Links&#8221; _builder_version=&#8221;4.23.1&#8243; _module_preset=&#8221;default&#8221; background_color=&#8221;#1185aa&#8221; custom_padding=&#8221;||0px|||&#8221; top_divider_style=&#8221;wave2&#8243; hover_enabled=&#8221;0&#8243; saved_tabs=&#8221;all&#8221; collapsed=&#8221;on&#8221; global_colors_info=&#8221;{}&#8221; sticky_enabled=&#8221;0&#8243;][et_pb_row column_structure=&#8221;1_4,1_4,1_4,1_4&#8243; _builder_version=&#8221;4.22.0&#8243; _module_preset=&#8221;default&#8221; custom_padding=&#8221;||0px||false|false&#8221; global_colors_info=&#8221;{}&#8221;][et_pb_column type=&#8221;1_4&#8243; _builder_version=&#8221;4.22.0&#8243; _module_preset=&#8221;default&#8221; global_colors_info=&#8221;{}&#8221;][et_pb_image src=&#8221;https:\/\/blog.daxap.io\/wp-content\/uploads\/2023\/11\/daxap_beyaz1.png&#8221; title_text=&#8221;daxap_beyaz&#8221; _builder_version=&#8221;4.23.1&#8243; _module_preset=&#8221;default&#8221; global_colors_info=&#8221;{}&#8221;][\/et_pb_image][\/et_pb_column][et_pb_column type=&#8221;1_4&#8243; _builder_version=&#8221;4.22.0&#8243; _module_preset=&#8221;default&#8221; global_colors_info=&#8221;{}&#8221;][\/et_pb_column][et_pb_column type=&#8221;1_4&#8243; _builder_version=&#8221;4.22.0&#8243; _module_preset=&#8221;default&#8221; global_colors_info=&#8221;{}&#8221;][\/et_pb_column][et_pb_column type=&#8221;1_4&#8243; _builder_version=&#8221;4.22.0&#8243; _module_preset=&#8221;default&#8221; global_colors_info=&#8221;{}&#8221;][\/et_pb_column][\/et_pb_row][et_pb_row column_structure=&#8221;1_2,1_4,1_4&#8243; _builder_version=&#8221;4.23.1&#8243; _module_preset=&#8221;default&#8221; custom_padding=&#8221;7px||6px|||&#8221; global_colors_info=&#8221;{}&#8221;][et_pb_column type=&#8221;1_2&#8243; _builder_version=&#8221;4.22.0&#8243; _module_preset=&#8221;default&#8221; global_colors_info=&#8221;{}&#8221;][et_pb_text _builder_version=&#8221;4.23.1&#8243; _module_preset=&#8221;dd55b87e-f727-4d5c-b950-e16c524eafc2&#8243; text_text_color=&#8221;#FFFFFF&#8221; text_font_size=&#8221;14px&#8221; max_width=&#8221;400px&#8221; global_colors_info=&#8221;{}&#8221;]<\/p>\n<p class=\"MuiTypography-root MuiTypography-h5 css-b3bjz8\"><strong>Digitale l\u00f8sninger for et bedre samfunn<\/strong><\/p>\n<p class=\"MuiTypography-root MuiTypography-h6 css-dhnteq\">For oss i DAXAP er det et ansvar og en mulighet \u00e5 skape b\u00e6rekraftige l\u00f8sninger p\u00e5 samfunnsutfordringer.<\/p>\n<p>[\/et_pb_text][\/et_pb_column][et_pb_column type=\u201d1_4\u2033 _builder_version=\u201d4.22.0\u2033 _module_preset=\u201ddefault\u201d global_colors_info=\u201d{}\u201d][et_pb_text _builder_version=\u201d5_2set\u201d7_7b_7b=\u201d7b=\u201d7.7b=\u201d7.7\/7. - 4d5c-b950-e16c524eafc2\u2033 text_text_color=\u201d#FFFFFF\u201d link_text_color=\u201d#FFFFFF\u201d custom_margin=\u201d||10px||false|false\u201d global_colors_info=\u201d{}\u201d]<\/p>\n<p class=\"MuiTypography-root MuiTypography-body1 css-8a99io\"><a href=\"https:\/\/www.daxap.io\/team\" title=\"Team\">Team<\/a><br \/><a href=\"https:\/\/www.daxap.io\/social-entrepreneurship\" title=\"Sosialt entrepren\u00f8rskap\">Sosialt entrepren\u00f8rskap<\/a><\/p>\n<p>[\/et_pb_text][\/et_pb_column][et_pb_column type=\u201d1_4\u2033 _builder_version=\u201d4.22.0\u2033 _module_preset=\u201ddefault\u201d global_colors_info=\u201d{}\u201d][et_pb_text _builder_version=\u201d5_2set\u201d7_7b_7b=\u201d7b=\u201d7.7b=\u201d7.7\/7. - 4d5c-b950-e16c524eafc2\u2033 text_text_color=\u201d#FFFFFF\u201d link_text_color=\u201d#FFFFFF\u201d custom_margin=\u201d||10px||false|false\u201d locked=\u201doff\u201d global_colors_info=\u201d{}\u201d]<\/p>\n<p class=\"MuiTypography-root MuiTypography-body1 css-8a99io\"><a href=\"https:\/\/www.daxap.io\/contact-page\" title=\"Kontakt\">Kontakt<\/a><br \/><a href=\"https:\/\/www.daxap.io\/career\" title=\"Karriere\">Karriere<\/a><br \/><a href=\"https:\/\/www.daxap.io\/company-terms\" title=\"Vilk\u00e5r\">Vilk\u00e5r<\/a><\/p>\n<p>[\/et_pb_text][\/et_pb_column][\/et_pb_row][et_pb_row column_structure=\u201d1_4,1_2,1_4\u2033 _builder_version=\u201d4.22.0\u2033 _module_preset=\u201ddefault\u201d custom_padding=\u201d9px|||\u201d12px|||\u201d global_colors_info=\u201d{}\u201d][et_pb_column type=\u201d1_4\u2033 _builder_version=\u201d4.22.0\u2033 _module_preset=\u201ddefault\u201d global_colors_info=\u201d{}\u201d][\/et_pb_column][et_pb_column type=\u201d1_2\u20330.versjon=\u201d1_2\u2033 \u2033 _module_preset=\u201ddefault\u201d global_colors_info=\u201d{}\u201d][et_pb_social_media_follow _builder_version=\u201d4.23.1\u2033 _module_preset=\u201ddefault\u201d text_orientation=\u201dcenter\u201d custom_margin=\u201d\u201d-6px||1px||| global_colors_info=\u201d{}\u201d][et_pb_social_media_follow_network social_network=\u201dfacebook\u201d _builder_version=\u201d4.23.1\u2033 _module_preset=\u201ddefault\u201d background_enable_color=\u201doff\u201d global_colors_info=\u201d{}\u201d follow_button=\u201d_\u201dnewbook\u201d \/et_pb_social_media_follow_network][et_pb_social_media_follow_network social_network=\u201dlinkedin\u201d _builder_version=\u201d4.23.1\u2033 _module_preset=\u201ddefault\u201d background_enable_color=\u201doff\u201d global_colors_info=\u201d{}\u201d_et_\u201d_link=social_colors_info=\u201d{}\u201d_et_\u201d_button=social\u201d al_media_follow_network][ \/et_pb_social_media_follow][et_pb_text _builder_version=\u201d4.23.1\u2033 _module_preset=\u201ddd55b87e-f727-4d5c-b950-e16c524eafc2\u2033 text_text_color=\u201d1TP5_TFF_FFsgin=\u201d1TP5_TFF_FFsgin\u201d text_text_color=\u201d=\u201d1TP5_TFF_FFsgin\u201dtext_font_FFsgin\u201dtext_font_FFsgin\u201dtext_font_FFsgin\u201dx \u201d||4px|||\u201d global_colors_info=&quot;{}&quot;]<\/p>\n<p><span>N\u00e5r du bes\u00f8ker eller samhandler med nettstedene v\u00e5re, kan vi eller v\u00e5re autoriserte tjenesteleverand\u00f8rer bruke informasjonskapsler for \u00e5 lagre informasjon for \u00e5 gi deg en bedre, raskere og sikrere opplevelse og for markedsf\u00f8ringsform\u00e5l.<\/span><\/p>\n<p>[\/et_pb_text][et_pb_text _builder_version=\u201d4.23.1\u2033 _dynamic_attributes=\u201dcontent\u201d _module_preset=\u201ddd55b87e-f727-4d5c-b950-e16c524eafc2\u2033 text_524eafc2\u2033 text_524eafc2\u2033 text_524eafc2\u2033 text1_text_1Farge=\u201dfff_tekst_1_farge\u201dx \u201dcenter\u201d custom_margin=&quot;| |-5px|||\u201d global_colors_info=\u201d{}\u201d]@ET-DC@eyJkeW5hbWljIjp0cnVlLCJjb250ZW50IjoiY3VycmVudF9kYXRlIiwic2V0dGluZ3MiOnsiYmVmb3JlIjoiQ29weXICZyZyBIXIlC29weXICZyZyBIXIlC29weXJpZyBZIlC1BZ1BZIlCiLcBZ1BZIlCiBlC1BZ2ZIcI ZpLiBBbGwgUmlnaHRzIFJlc2VydmVkLiIsImRhdGVfZm9ybWF0IjoiY3VzdG9tIiwiY3VzdG9tX2RhdGVfZm9ybWF0IjoiWSJ9fQ==b_etbWF0IjoiY3VzdG9tIiwiY3VzdG9tX2RhdGVfZm9ybWF0IjoiWSJ9fQ===b_text_4][col_n_p=[\/et_np=] \u2033 _builder_version=\u201d4.22.0\u2033 _module_preset=\u201ddefault\u201d global_colors_info=\u201d{}\u201d] [\/et_pb_column][\/et_pb_row][\/et_pb_section]<\/p>","protected":false},"excerpt":{"rendered":"<p>Digitale l\u00f8sninger for et bedre samfunn For oss i DAXAP er det et ansvar og en mulighet \u00e5 skape b\u00e6rekraftige l\u00f8sninger p\u00e5 samfunnsutfordringer.Team Sosialt entrepren\u00f8rskapKontaktKarrierevilk\u00e5rN\u00e5r du bes\u00f8ker eller samhandler med nettstedene v\u00e5re, kan vi eller v\u00e5re autoriserte tjenesteleverand\u00f8rer bruke informasjonskapsler for \u00e5 lagre informasjon for \u00e5 hjelpe deg med en bedre, raskere og tryggere opplevelse og for [\u2026]<\/p>","protected":false},"author":1,"featured_media":0,"parent":0,"menu_order":0,"comment_status":"closed","ping_status":"closed","template":"","meta":{"_et_pb_use_builder":"on","_et_pb_old_content":"","_et_gb_content_width":"","cybocfi_hide_featured_image":"","footnotes":""},"class_list":["post-36","page","type-page","status-publish","hentry"],"_links":{"self":[{"href":"https:\/\/blog.daxap.io\/nb\/wp-json\/wp\/v2\/pages\/36","targetHints":{"allow":["GET"]}}],"collection":[{"href":"https:\/\/blog.daxap.io\/nb\/wp-json\/wp\/v2\/pages"}],"about":[{"href":"https:\/\/blog.daxap.io\/nb\/wp-json\/wp\/v2\/types\/page"}],"author":[{"embeddable":true,"href":"https:\/\/blog.daxap.io\/nb\/wp-json\/wp\/v2\/users\/1"}],"replies":[{"embeddable":true,"href":"https:\/\/blog.daxap.io\/nb\/wp-json\/wp\/v2\/comments?post=36"}],"version-history":[{"count":19,"href":"https:\/\/blog.daxap.io\/nb\/wp-json\/wp\/v2\/pages\/36\/revisions"}],"predecessor-version":[{"id":147,"href":"https:\/\/blog.daxap.io\/nb\/wp-json\/wp\/v2\/pages\/36\/revisions\/147"}],"wp:attachment":[{"href":"https:\/\/blog.daxap.io\/nb\/wp-json\/wp\/v2\/media?parent=36"}],"curies":[{"name":"wp","href":"https:\/\/api.w.org\/{rel}","templated":true}]}}